{"id":2303,"date":"2021-10-29T12:38:04","date_gmt":"2021-10-29T12:38:04","guid":{"rendered":"https:\/\/barrysautobody.com\/tour-virtual\/"},"modified":"2021-11-04T04:42:18","modified_gmt":"2021-11-04T04:42:18","slug":"tour-virtual","status":"publish","type":"page","link":"https:\/\/barrysautobody.com\/es\/sobre-nosotros\/tour-virtual\/","title":{"rendered":"Tour Virtual"},"content":{"rendered":"\t\t<div data-elementor-type=\"wp-page\" data-elementor-id=\"2303\" class=\"elementor elementor-2303 elementor-1851\" data-elementor-post-type=\"page\">\n\t\t\t\t\t\t<section class=\"elementor-section elementor-top-section elementor-element elementor-element-3a635db6 elementor-section-height-min-height elementor-section-full_width elementor-section-height-default elementor-section-items-middle\" data-id=\"3a635db6\" data-element_type=\"section\" data-e-type=\"section\" data-settings=\"{&quot;background_background&quot;:&quot;classic&quot;}\">\n\t\t\t\t\t\t\t<div class=\"elementor-background-overlay\"><\/div>\n\t\t\t\t\t\t\t<div class=\"elementor-container elementor-column-gap-default\">\n\t\t\t\t\t<div class=\"elementor-column elementor-col-100 elementor-top-column elementor-element elementor-element-52aa13d\" data-id=\"52aa13d\" data-element_type=\"column\" data-e-type=\"column\">\n\t\t\t<div class=\"elementor-widget-wrap elementor-element-populated\">\n\t\t\t\t\t\t<div class=\"elementor-element elementor-element-22e640a4 ab_image_style elementor-widget elementor-widget-image\" data-id=\"22e640a4\" data-element_type=\"widget\" data-e-type=\"widget\" data-widget_type=\"image.default\">\n\t\t\t\t<div class=\"elementor-widget-container\">\n\t\t\t\t\t\t\t\t\t\t\t\t\t\t\t\t<a href=\"https:\/\/barrysautobody.com\/\">\n\t\t\t\t\t\t\t<img decoding=\"async\" width=\"122\" height=\"70\" src=\"https:\/\/barrysautobody.com\/wp-content\/uploads\/2021\/10\/logo-1.png\" class=\"attachment-full size-full wp-image-11390\" alt=\"\" \/>\t\t\t\t\t\t\t\t<\/a>\n\t\t\t\t\t\t\t\t\t\t\t\t\t\t\t<\/div>\n\t\t\t\t<\/div>\n\t\t\t\t<div class=\"elementor-element elementor-element-66e51534 elementor-widget elementor-widget-heading\" data-id=\"66e51534\" data-element_type=\"widget\" data-e-type=\"widget\" data-widget_type=\"heading.default\">\n\t\t\t\t<div class=\"elementor-widget-container\">\n\t\t\t\t\t<h2 class=\"elementor-heading-title elementor-size-default\">Coming soon<\/h2>\t\t\t\t<\/div>\n\t\t\t\t<\/div>\n\t\t\t\t<div class=\"elementor-element elementor-element-1e3af794 elementor-widget elementor-widget-text-editor\" data-id=\"1e3af794\" data-element_type=\"widget\" data-e-type=\"widget\" data-widget_type=\"text-editor.default\">\n\t\t\t\t<div class=\"elementor-widget-container\">\n\t\t\t\t\t\t\t\t\t<p>Ubicado en la 4301 Amboy Rd. en la isla Staten, NY, Barry\u2019s Auto Body ha estado al servicio de las necesidades de reparaci\u00f3n automotriz de la comunidad local durante los \u00faltimos 35 a\u00f1os. Nos esforzamos por ofrecer reparaciones completas para satisfacer a los clientes. Hacemos reparaci\u00f3n de carrocer\u00edas, revisi\u00f3n mec\u00e1nica, reparaci\u00f3n de vidrios, lavado y tuneado de autom\u00f3viles. Somos lo mejor que haya visto su autom\u00f3vil<\/p>\n\t\t\t\t\t\t\t\t<\/div>\n\t\t\t\t<\/div>\n\t\t\t\t<section class=\"elementor-section elementor-inner-section elementor-element elementor-element-1ec2f6ad elementor-section-content-middle elementor-section-height-min-height elementor-section-boxed elementor-section-height-default\" data-id=\"1ec2f6ad\" data-element_type=\"section\" data-e-type=\"section\" data-settings=\"{&quot;background_background&quot;:&quot;none&quot;}\">\n\t\t\t\t\t\t<div class=\"elementor-container elementor-column-gap-extended\">\n\t\t\t\t\t<div class=\"elementor-column elementor-col-50 elementor-inner-column elementor-element elementor-element-5df5fd22\" data-id=\"5df5fd22\" data-element_type=\"column\" data-e-type=\"column\" data-settings=\"{&quot;background_background&quot;:&quot;classic&quot;}\">\n\t\t\t<div class=\"elementor-widget-wrap elementor-element-populated\">\n\t\t\t\t\t\t<div class=\"elementor-element elementor-element-6d9b1961 elementor-align-center elementor-icon-list--layout-traditional elementor-list-item-link-full_width elementor-widget elementor-widget-icon-list\" data-id=\"6d9b1961\" data-element_type=\"widget\" data-e-type=\"widget\" data-widget_type=\"icon-list.default\">\n\t\t\t\t<div class=\"elementor-widget-container\">\n\t\t\t\t\t\t\t<ul class=\"elementor-icon-list-items\">\n\t\t\t\t\t\t\t<li class=\"elementor-icon-list-item\">\n\t\t\t\t\t\t\t\t\t\t\t<a href=\"tel:(718)%20948-8585\">\n\n\t\t\t\t\t\t\t\t\t\t\t\t<span class=\"elementor-icon-list-icon\">\n\t\t\t\t\t\t\t<i aria-hidden=\"true\" class=\"fas fa-phone-alt\"><\/i>\t\t\t\t\t\t<\/span>\n\t\t\t\t\t\t\t\t\t\t<span class=\"elementor-icon-list-text\">(718) 948-8585<\/span>\n\t\t\t\t\t\t\t\t\t\t\t<\/a>\n\t\t\t\t\t\t\t\t\t<\/li>\n\t\t\t\t\t\t<\/ul>\n\t\t\t\t\t\t<\/div>\n\t\t\t\t<\/div>\n\t\t\t\t\t<\/div>\n\t\t<\/div>\n\t\t\t\t<div class=\"elementor-column elementor-col-50 elementor-inner-column elementor-element elementor-element-63f95dbd\" data-id=\"63f95dbd\" data-element_type=\"column\" data-e-type=\"column\" data-settings=\"{&quot;background_background&quot;:&quot;classic&quot;}\">\n\t\t\t<div class=\"elementor-widget-wrap elementor-element-populated\">\n\t\t\t\t\t\t<div class=\"elementor-element elementor-element-6c923ca2 elementor-align-center elementor-icon-list--layout-traditional elementor-list-item-link-full_width elementor-widget elementor-widget-icon-list\" data-id=\"6c923ca2\" data-element_type=\"widget\" data-e-type=\"widget\" data-widget_type=\"icon-list.default\">\n\t\t\t\t<div class=\"elementor-widget-container\">\n\t\t\t\t\t\t\t<ul class=\"elementor-icon-list-items\">\n\t\t\t\t\t\t\t<li class=\"elementor-icon-list-item\">\n\t\t\t\t\t\t\t\t\t\t\t<a href=\"https:\/\/barrysautobody.com\/contact-us\/\">\n\n\t\t\t\t\t\t\t\t\t\t\t\t<span class=\"elementor-icon-list-icon\">\n\t\t\t\t\t\t\t<i aria-hidden=\"true\" class=\"far fa-calendar\"><\/i>\t\t\t\t\t\t<\/span>\n\t\t\t\t\t\t\t\t\t\t<span class=\"elementor-icon-list-text\">Book Appointments<\/span>\n\t\t\t\t\t\t\t\t\t\t\t<\/a>\n\t\t\t\t\t\t\t\t\t<\/li>\n\t\t\t\t\t\t<\/ul>\n\t\t\t\t\t\t<\/div>\n\t\t\t\t<\/div>\n\t\t\t\t\t<\/div>\n\t\t<\/div>\n\t\t\t\t\t<\/div>\n\t\t<\/section>\n\t\t\t\t\t<\/div>\n\t\t<\/div>\n\t\t\t\t\t<\/div>\n\t\t<\/section>\n\t\t\t\t<\/div>\n\t\t","protected":false},"excerpt":{"rendered":"<p>Coming soon Ubicado en la 4301 Amboy Rd. en la isla Staten, NY, Barry\u2019s Auto Body ha estado al servicio de las necesidades de reparaci\u00f3n automotriz de la comunidad local durante los \u00faltimos 35 a\u00f1os. Nos esforzamos por ofrecer reparaciones completas para satisfacer a los clientes. Hacemos reparaci\u00f3n de carrocer\u00edas, revisi\u00f3n mec\u00e1nica, reparaci\u00f3n de vidrios, [&hellip;]<\/p>\n","protected":false},"author":3,"featured_media":0,"parent":2380,"menu_order":0,"comment_status":"closed","ping_status":"closed","template":"elementor_canvas","meta":{"_acf_changed":false,"site-sidebar-layout":"no-sidebar","site-content-layout":"page-builder","ast-site-content-layout":"full-width-container","site-content-style":"unboxed","site-sidebar-style":"unboxed","ast-global-header-display":"","ast-banner-title-visibility":"","ast-main-header-display":"","ast-hfb-above-header-display":"","ast-hfb-below-header-display":"","ast-hfb-mobile-header-display":"","site-post-title":"disabled","ast-breadcrumbs-content":"","ast-featured-img":"disabled","footer-sml-layout":"","ast-disable-related-posts":"","theme-transparent-header-meta":"default","adv-header-id-meta":"","stick-header-meta":"default","header-above-stick-meta":"","header-main-stick-meta":"","header-below-stick-meta":"","astra-migrate-meta-layouts":"default","ast-page-background-enabled":"default","ast-page-background-meta":{"desktop":{"background-color":"var(--ast-global-color-4)","background-image":"","background-repeat":"repeat","background-position":"center center","background-size":"auto","background-attachment":"scroll","background-type":"","background-media":"","overlay-type":"","overlay-color":"","overlay-opacity":"","overlay-gradient":""},"tablet":{"background-color":"","background-image":"","background-repeat":"repeat","background-position":"center center","background-size":"auto","background-attachment":"scroll","background-type":"","background-media":"","overlay-type":"","overlay-color":"","overlay-opacity":"","overlay-gradient":""},"mobile":{"background-color":"","background-image":"","background-repeat":"repeat","background-position":"center center","background-size":"auto","background-attachment":"scroll","background-type":"","background-media":"","overlay-type":"","overlay-color":"","overlay-opacity":"","overlay-gradient":""}},"ast-content-background-meta":{"desktop":{"background-color":"var(--ast-global-color-5)","background-image":"","background-repeat":"repeat","background-position":"center center","background-size":"auto","background-attachment":"scroll","background-type":"","background-media":"","overlay-type":"","overlay-color":"","overlay-opacity":"","overlay-gradient":""},"tablet":{"background-color":"var(--ast-global-color-5)","background-image":"","background-repeat":"repeat","background-position":"center center","background-size":"auto","background-attachment":"scroll","background-type":"","background-media":"","overlay-type":"","overlay-color":"","overlay-opacity":"","overlay-gradient":""},"mobile":{"background-color":"var(--ast-global-color-5)","background-image":"","background-repeat":"repeat","background-position":"center center","background-size":"auto","background-attachment":"scroll","background-type":"","background-media":"","overlay-type":"","overlay-color":"","overlay-opacity":"","overlay-gradient":""}},"footnotes":""},"class_list":["post-2303","page","type-page","status-publish","hentry"],"acf":[],"yoast_head":"<!-- This site is optimized with the Yoast SEO plugin v27.6 - https:\/\/yoast.com\/product\/yoast-seo-wordpress\/ -->\n<title>Tour virtual - Reparaci\u00f3n de colisiones en Staten Island - Barrys Auto Body<\/title>\n<meta name=\"description\" content=\"\u00a1La mejor tienda de carrocer\u00eda de Staten Islands! Haga un recorrido por nuestro taller de carrocer\u00eda y mec\u00e1nico de \u00faltima generaci\u00f3n. Llame ahora para un presupuesto gratuito.\" \/>\n<meta name=\"robots\" content=\"index, follow, max-snippet:-1, max-image-preview:large, max-video-preview:-1\" \/>\n<link rel=\"canonical\" href=\"https:\/\/barrysautobody.com\/es\/sobre-nosotros\/tour-virtual\/\" \/>\n<meta property=\"og:locale\" content=\"es_ES\" \/>\n<meta property=\"og:type\" content=\"article\" \/>\n<meta property=\"og:title\" content=\"Tour virtual - Reparaci\u00f3n de colisiones en Staten Island - Barrys Auto Body\" \/>\n<meta property=\"og:description\" content=\"\u00a1La mejor tienda de carrocer\u00eda de Staten Islands! Haga un recorrido por nuestro taller de carrocer\u00eda y mec\u00e1nico de \u00faltima generaci\u00f3n. Llame ahora para un presupuesto gratuito.\" \/>\n<meta property=\"og:url\" content=\"https:\/\/barrysautobody.com\/es\/sobre-nosotros\/tour-virtual\/\" \/>\n<meta property=\"og:site_name\" content=\"Barry&#039;s Auto Body\" \/>\n<meta property=\"article:publisher\" content=\"https:\/\/www.facebook.com\/barrysautobody\/\" \/>\n<meta property=\"article:modified_time\" content=\"2021-11-04T04:42:18+00:00\" \/>\n<meta property=\"og:image\" content=\"https:\/\/barrysautobody.com\/wp-content\/uploads\/2021\/10\/logo-1.png\" \/>\n<meta name=\"twitter:card\" content=\"summary_large_image\" \/>\n<meta name=\"twitter:label1\" content=\"Est. reading time\" \/>\n\t<meta name=\"twitter:data1\" content=\"2 minutes\" \/>\n<script type=\"application\/ld+json\" class=\"yoast-schema-graph\">{\"@context\":\"https:\\\/\\\/schema.org\",\"@graph\":[{\"@type\":\"WebPage\",\"@id\":\"https:\\\/\\\/barrysautobody.com\\\/es\\\/sobre-nosotros\\\/tour-virtual\\\/\",\"url\":\"https:\\\/\\\/barrysautobody.com\\\/es\\\/sobre-nosotros\\\/tour-virtual\\\/\",\"name\":\"Tour virtual - Reparaci\u00f3n de colisiones en Staten Island - Barrys Auto Body\",\"isPartOf\":{\"@id\":\"https:\\\/\\\/barrysautobody.com\\\/es\\\/#website\"},\"primaryImageOfPage\":{\"@id\":\"https:\\\/\\\/barrysautobody.com\\\/es\\\/sobre-nosotros\\\/tour-virtual\\\/#primaryimage\"},\"image\":{\"@id\":\"https:\\\/\\\/barrysautobody.com\\\/es\\\/sobre-nosotros\\\/tour-virtual\\\/#primaryimage\"},\"thumbnailUrl\":\"https:\\\/\\\/barrysautobody.com\\\/wp-content\\\/uploads\\\/2021\\\/10\\\/logo-1.png\",\"datePublished\":\"2021-10-29T12:38:04+00:00\",\"dateModified\":\"2021-11-04T04:42:18+00:00\",\"description\":\"\u00a1La mejor tienda de carrocer\u00eda de Staten Islands! Haga un recorrido por nuestro taller de carrocer\u00eda y mec\u00e1nico de \u00faltima generaci\u00f3n. Llame ahora para un presupuesto gratuito.\",\"breadcrumb\":{\"@id\":\"https:\\\/\\\/barrysautobody.com\\\/es\\\/sobre-nosotros\\\/tour-virtual\\\/#breadcrumb\"},\"inLanguage\":\"es-ES\",\"potentialAction\":[{\"@type\":\"ReadAction\",\"target\":[\"https:\\\/\\\/barrysautobody.com\\\/es\\\/sobre-nosotros\\\/tour-virtual\\\/\"]}]},{\"@type\":\"ImageObject\",\"inLanguage\":\"es-ES\",\"@id\":\"https:\\\/\\\/barrysautobody.com\\\/es\\\/sobre-nosotros\\\/tour-virtual\\\/#primaryimage\",\"url\":\"https:\\\/\\\/barrysautobody.com\\\/wp-content\\\/uploads\\\/2021\\\/10\\\/logo-1.png\",\"contentUrl\":\"https:\\\/\\\/barrysautobody.com\\\/wp-content\\\/uploads\\\/2021\\\/10\\\/logo-1.png\"},{\"@type\":\"BreadcrumbList\",\"@id\":\"https:\\\/\\\/barrysautobody.com\\\/es\\\/sobre-nosotros\\\/tour-virtual\\\/#breadcrumb\",\"itemListElement\":[{\"@type\":\"ListItem\",\"position\":1,\"name\":\"Home\",\"item\":\"https:\\\/\\\/barrysautobody.com\\\/es\\\/\"},{\"@type\":\"ListItem\",\"position\":2,\"name\":\"Sobre Nosotros\",\"item\":\"https:\\\/\\\/barrysautobody.com\\\/es\\\/sobre-nosotros\\\/\"},{\"@type\":\"ListItem\",\"position\":3,\"name\":\"Tour Virtual\"}]},{\"@type\":\"WebSite\",\"@id\":\"https:\\\/\\\/barrysautobody.com\\\/es\\\/#website\",\"url\":\"https:\\\/\\\/barrysautobody.com\\\/es\\\/\",\"name\":\"Barry&#039;s Auto Body\",\"description\":\"Collision Repair in Staten Island NY\",\"publisher\":{\"@id\":\"https:\\\/\\\/barrysautobody.com\\\/es\\\/#organization\"},\"potentialAction\":[{\"@type\":\"SearchAction\",\"target\":{\"@type\":\"EntryPoint\",\"urlTemplate\":\"https:\\\/\\\/barrysautobody.com\\\/es\\\/?s={search_term_string}\"},\"query-input\":{\"@type\":\"PropertyValueSpecification\",\"valueRequired\":true,\"valueName\":\"search_term_string\"}}],\"inLanguage\":\"es-ES\"},{\"@type\":\"Organization\",\"@id\":\"https:\\\/\\\/barrysautobody.com\\\/es\\\/#organization\",\"name\":\"Barry's Auto Body\",\"url\":\"https:\\\/\\\/barrysautobody.com\\\/es\\\/\",\"logo\":{\"@type\":\"ImageObject\",\"inLanguage\":\"es-ES\",\"@id\":\"https:\\\/\\\/barrysautobody.com\\\/es\\\/#\\\/schema\\\/logo\\\/image\\\/\",\"url\":\"https:\\\/\\\/barrysautobody.com\\\/wp-content\\\/uploads\\\/2021\\\/10\\\/logo-1.png\",\"contentUrl\":\"https:\\\/\\\/barrysautobody.com\\\/wp-content\\\/uploads\\\/2021\\\/10\\\/logo-1.png\",\"width\":122,\"height\":70,\"caption\":\"Barry's Auto Body\"},\"image\":{\"@id\":\"https:\\\/\\\/barrysautobody.com\\\/es\\\/#\\\/schema\\\/logo\\\/image\\\/\"},\"sameAs\":[\"https:\\\/\\\/www.facebook.com\\\/barrysautobody\\\/\",\"https:\\\/\\\/www.instagram.com\\\/barrysautobodysi\\\/\",\"https:\\\/\\\/www.youtube.com\\\/channel\\\/UCz5fvhA8pk-obSyAaDy-sMw\"]}]}<\/script>\n<!-- \/ Yoast SEO plugin. -->","yoast_head_json":{"title":"Tour virtual - Reparaci\u00f3n de colisiones en Staten Island - Barrys Auto Body","description":"\u00a1La mejor tienda de carrocer\u00eda de Staten Islands! Haga un recorrido por nuestro taller de carrocer\u00eda y mec\u00e1nico de \u00faltima generaci\u00f3n. Llame ahora para un presupuesto gratuito.","robots":{"index":"index","follow":"follow","max-snippet":"max-snippet:-1","max-image-preview":"max-image-preview:large","max-video-preview":"max-video-preview:-1"},"canonical":"https:\/\/barrysautobody.com\/es\/sobre-nosotros\/tour-virtual\/","og_locale":"es_ES","og_type":"article","og_title":"Tour virtual - Reparaci\u00f3n de colisiones en Staten Island - Barrys Auto Body","og_description":"\u00a1La mejor tienda de carrocer\u00eda de Staten Islands! Haga un recorrido por nuestro taller de carrocer\u00eda y mec\u00e1nico de \u00faltima generaci\u00f3n. Llame ahora para un presupuesto gratuito.","og_url":"https:\/\/barrysautobody.com\/es\/sobre-nosotros\/tour-virtual\/","og_site_name":"Barry&#039;s Auto Body","article_publisher":"https:\/\/www.facebook.com\/barrysautobody\/","article_modified_time":"2021-11-04T04:42:18+00:00","og_image":[{"url":"https:\/\/barrysautobody.com\/wp-content\/uploads\/2021\/10\/logo-1.png","type":"","width":"","height":""}],"twitter_card":"summary_large_image","twitter_misc":{"Est. reading time":"2 minutes"},"schema":{"@context":"https:\/\/schema.org","@graph":[{"@type":"WebPage","@id":"https:\/\/barrysautobody.com\/es\/sobre-nosotros\/tour-virtual\/","url":"https:\/\/barrysautobody.com\/es\/sobre-nosotros\/tour-virtual\/","name":"Tour virtual - Reparaci\u00f3n de colisiones en Staten Island - Barrys Auto Body","isPartOf":{"@id":"https:\/\/barrysautobody.com\/es\/#website"},"primaryImageOfPage":{"@id":"https:\/\/barrysautobody.com\/es\/sobre-nosotros\/tour-virtual\/#primaryimage"},"image":{"@id":"https:\/\/barrysautobody.com\/es\/sobre-nosotros\/tour-virtual\/#primaryimage"},"thumbnailUrl":"https:\/\/barrysautobody.com\/wp-content\/uploads\/2021\/10\/logo-1.png","datePublished":"2021-10-29T12:38:04+00:00","dateModified":"2021-11-04T04:42:18+00:00","description":"\u00a1La mejor tienda de carrocer\u00eda de Staten Islands! Haga un recorrido por nuestro taller de carrocer\u00eda y mec\u00e1nico de \u00faltima generaci\u00f3n. Llame ahora para un presupuesto gratuito.","breadcrumb":{"@id":"https:\/\/barrysautobody.com\/es\/sobre-nosotros\/tour-virtual\/#breadcrumb"},"inLanguage":"es-ES","potentialAction":[{"@type":"ReadAction","target":["https:\/\/barrysautobody.com\/es\/sobre-nosotros\/tour-virtual\/"]}]},{"@type":"ImageObject","inLanguage":"es-ES","@id":"https:\/\/barrysautobody.com\/es\/sobre-nosotros\/tour-virtual\/#primaryimage","url":"https:\/\/barrysautobody.com\/wp-content\/uploads\/2021\/10\/logo-1.png","contentUrl":"https:\/\/barrysautobody.com\/wp-content\/uploads\/2021\/10\/logo-1.png"},{"@type":"BreadcrumbList","@id":"https:\/\/barrysautobody.com\/es\/sobre-nosotros\/tour-virtual\/#breadcrumb","itemListElement":[{"@type":"ListItem","position":1,"name":"Home","item":"https:\/\/barrysautobody.com\/es\/"},{"@type":"ListItem","position":2,"name":"Sobre Nosotros","item":"https:\/\/barrysautobody.com\/es\/sobre-nosotros\/"},{"@type":"ListItem","position":3,"name":"Tour Virtual"}]},{"@type":"WebSite","@id":"https:\/\/barrysautobody.com\/es\/#website","url":"https:\/\/barrysautobody.com\/es\/","name":"Barry&#039;s Auto Body","description":"Collision Repair in Staten Island NY","publisher":{"@id":"https:\/\/barrysautobody.com\/es\/#organization"},"potentialAction":[{"@type":"SearchAction","target":{"@type":"EntryPoint","urlTemplate":"https:\/\/barrysautobody.com\/es\/?s={search_term_string}"},"query-input":{"@type":"PropertyValueSpecification","valueRequired":true,"valueName":"search_term_string"}}],"inLanguage":"es-ES"},{"@type":"Organization","@id":"https:\/\/barrysautobody.com\/es\/#organization","name":"Barry's Auto Body","url":"https:\/\/barrysautobody.com\/es\/","logo":{"@type":"ImageObject","inLanguage":"es-ES","@id":"https:\/\/barrysautobody.com\/es\/#\/schema\/logo\/image\/","url":"https:\/\/barrysautobody.com\/wp-content\/uploads\/2021\/10\/logo-1.png","contentUrl":"https:\/\/barrysautobody.com\/wp-content\/uploads\/2021\/10\/logo-1.png","width":122,"height":70,"caption":"Barry's Auto Body"},"image":{"@id":"https:\/\/barrysautobody.com\/es\/#\/schema\/logo\/image\/"},"sameAs":["https:\/\/www.facebook.com\/barrysautobody\/","https:\/\/www.instagram.com\/barrysautobodysi\/","https:\/\/www.youtube.com\/channel\/UCz5fvhA8pk-obSyAaDy-sMw"]}]}},"_links":{"self":[{"href":"https:\/\/barrysautobody.com\/es\/wp-json\/wp\/v2\/pages\/2303","targetHints":{"allow":["GET"]}}],"collection":[{"href":"https:\/\/barrysautobody.com\/es\/wp-json\/wp\/v2\/pages"}],"about":[{"href":"https:\/\/barrysautobody.com\/es\/wp-json\/wp\/v2\/types\/page"}],"author":[{"embeddable":true,"href":"https:\/\/barrysautobody.com\/es\/wp-json\/wp\/v2\/users\/3"}],"replies":[{"embeddable":true,"href":"https:\/\/barrysautobody.com\/es\/wp-json\/wp\/v2\/comments?post=2303"}],"version-history":[{"count":39,"href":"https:\/\/barrysautobody.com\/es\/wp-json\/wp\/v2\/pages\/2303\/revisions"}],"predecessor-version":[{"id":12997,"href":"https:\/\/barrysautobody.com\/es\/wp-json\/wp\/v2\/pages\/2303\/revisions\/12997"}],"up":[{"embeddable":true,"href":"https:\/\/barrysautobody.com\/es\/wp-json\/wp\/v2\/pages\/2380"}],"wp:attachment":[{"href":"https:\/\/barrysautobody.com\/es\/wp-json\/wp\/v2\/media?parent=2303"}],"curies":[{"name":"wp","href":"https:\/\/api.w.org\/{rel}","templated":true}]}}